{"id":3669,"date":"2022-09-07T12:30:19","date_gmt":"2022-09-07T10:30:19","guid":{"rendered":"https:\/\/schwanekamp-interior.com\/?page_id=3669"},"modified":"2024-10-01T10:43:38","modified_gmt":"2024-10-01T08:43:38","slug":"newsletter-registration","status":"publish","type":"page","link":"https:\/\/schwanekamp-interior.com\/en\/newsletter-registration\/","title":{"rendered":"Newsletter"},"content":{"rendered":"\t\t<div data-elementor-type=\"wp-post\" data-elementor-id=\"3669\" class=\"elementor elementor-3669 elementor-3668\" data-elementor-post-type=\"page\">\n\t\t\t\t\t\t<section class=\"elementor-section elementor-top-section elementor-element elementor-element-0fc84c4 elementor-section-boxed elementor-section-height-default elementor-section-height-default\" data-id=\"0fc84c4\" data-element_type=\"section\" data-e-type=\"section\" data-settings=\"{&quot;background_background&quot;:&quot;classic&quot;}\">\n\t\t\t\t\t\t<div class=\"elementor-container elementor-column-gap-default\">\n\t\t\t\t\t<div class=\"premium-parallax-section-hide elementor-column elementor-col-100 elementor-top-column elementor-element elementor-element-5b4882d animated-slow premium-parallax-yes elementor-invisible\" data-pa-parallax=\"{&quot;type&quot;:&quot;scroll&quot;,&quot;speed&quot;:&quot;&quot;,&quot;android&quot;:1,&quot;ios&quot;:1,&quot;size&quot;:&quot;cover&quot;,&quot;repeat&quot;:&quot;no-repeat&quot;}\" data-id=\"5b4882d\" data-element_type=\"column\" data-e-type=\"column\" data-settings=\"{&quot;background_background&quot;:&quot;classic&quot;,&quot;animation&quot;:&quot;fadeInUp&quot;}\">\n\t\t\t<div class=\"elementor-widget-wrap elementor-element-populated\">\n\t\t\t\t\t\t<div class=\"elementor-element elementor-element-fc09215 elementor-widget elementor-widget-image\" data-id=\"fc09215\" data-element_type=\"widget\" data-e-type=\"widget\" data-widget_type=\"image.default\">\n\t\t\t\t<div class=\"elementor-widget-container\">\n\t\t\t\t\t\t\t\t\t\t\t\t\t\t\t<img fetchpriority=\"high\" decoding=\"async\" width=\"800\" height=\"135\" src=\"https:\/\/schwanekamp-interior.com\/wp-content\/uploads\/2019\/02\/Logo_Schwanekamp_links_1_Zeilig_Claim_RGB-1024x173.png\" class=\"attachment-large size-large wp-image-1979\" alt=\"Schwanekamp Interior Logo\" srcset=\"https:\/\/schwanekamp-interior.com\/wp-content\/uploads\/2019\/02\/Logo_Schwanekamp_links_1_Zeilig_Claim_RGB-1024x173.png 1024w, https:\/\/schwanekamp-interior.com\/wp-content\/uploads\/2019\/02\/Logo_Schwanekamp_links_1_Zeilig_Claim_RGB-300x51.png 300w, https:\/\/schwanekamp-interior.com\/wp-content\/uploads\/2019\/02\/Logo_Schwanekamp_links_1_Zeilig_Claim_RGB-768x130.png 768w, https:\/\/schwanekamp-interior.com\/wp-content\/uploads\/2019\/02\/Logo_Schwanekamp_links_1_Zeilig_Claim_RGB-1536x259.png 1536w, https:\/\/schwanekamp-interior.com\/wp-content\/uploads\/2019\/02\/Logo_Schwanekamp_links_1_Zeilig_Claim_RGB-2048x345.png 2048w\" sizes=\"(max-width: 800px) 100vw, 800px\" \/>\t\t\t\t\t\t\t\t\t\t\t\t\t\t\t<\/div>\n\t\t\t\t<\/div>\n\t\t\t\t<div class=\"elementor-element elementor-element-c9307ad elementor-widget elementor-widget-heading\" data-id=\"c9307ad\" data-element_type=\"widget\" data-e-type=\"widget\" data-widget_type=\"heading.default\">\n\t\t\t\t<div class=\"elementor-widget-container\">\n\t\t\t\t\t<h1 class=\"elementor-heading-title elementor-size-default\">Interior Design News from Schwanekamp<\/h1>\t\t\t\t<\/div>\n\t\t\t\t<\/div>\n\t\t\t\t\t<\/div>\n\t\t<\/div>\n\t\t\t\t\t<\/div>\n\t\t<\/section>\n\t\t\t\t<section class=\"elementor-section elementor-top-section elementor-element elementor-element-f5d43ff elementor-section-boxed elementor-section-height-default elementor-section-height-default\" data-id=\"f5d43ff\" data-element_type=\"section\" data-e-type=\"section\" data-settings=\"{&quot;background_background&quot;:&quot;classic&quot;}\">\n\t\t\t\t\t\t\t<div class=\"elementor-background-overlay\"><\/div>\n\t\t\t\t\t\t\t<div class=\"elementor-container elementor-column-gap-default\">\n\t\t\t\t\t<div class=\"elementor-column elementor-col-100 elementor-top-column elementor-element elementor-element-3955862\" data-id=\"3955862\" data-element_type=\"column\" data-e-type=\"column\">\n\t\t\t<div class=\"elementor-widget-wrap elementor-element-populated\">\n\t\t\t\t\t\t<div class=\"elementor-element elementor-element-60fd8cf elementor-widget elementor-widget-html\" data-id=\"60fd8cf\" data-element_type=\"widget\" data-e-type=\"widget\" data-widget_type=\"html.default\">\n\t\t\t\t<div class=\"elementor-widget-container\">\n\t\t\t\t\t<!-- Begin Sendinblue Form -->\n\n<!-- START - We recommend to place the below code in head tag of your website html -->\n\n<style>\n\n  @font-face {\n\n    font-display: block;\n\n    font-family: Roboto;\n\n    src: url(https:\/\/assets.sendinblue.com\/font\/Roboto\/Latin\/normal\/normal\/7529907e9eaf8ebb5220c5f9850e3811.woff2) format(\"woff2\"), url(https:\/\/assets.sendinblue.com\/font\/Roboto\/Latin\/normal\/normal\/25c678feafdc175a70922a116c9be3e7.woff) format(\"woff\")\n\n  }\n\n \n\n  @font-face {\n\n    font-display: fallback;\n\n    font-family: Roboto;\n\n    font-weight: 600;\n\n    src: url(https:\/\/assets.sendinblue.com\/font\/Roboto\/Latin\/medium\/normal\/6e9caeeafb1f3491be3e32744bc30440.woff2) format(\"woff2\"), url(https:\/\/assets.sendinblue.com\/font\/Roboto\/Latin\/medium\/normal\/71501f0d8d5aa95960f6475d5487d4c2.woff) format(\"woff\")\n\n  }\n\n \n\n  @font-face {\n\n    font-display: fallback;\n\n    font-family: Roboto;\n\n    font-weight: 700;\n\n    src: url(https:\/\/assets.sendinblue.com\/font\/Roboto\/Latin\/bold\/normal\/3ef7cf158f310cf752d5ad08cd0e7e60.woff2) format(\"woff2\"), url(https:\/\/assets.sendinblue.com\/font\/Roboto\/Latin\/bold\/normal\/ece3a1d82f18b60bcce0211725c476aa.woff) format(\"woff\")\n\n  }\n\n \n\n  #sib-container input:-ms-input-placeholder {\n\n    text-align: left;\n\n    font-family: \"Helvetica\", sans-serif;\n\n    color: #cbcbcb;\n\n  }\n\n \n\n  #sib-container input::placeholder {\n\n    text-align: left;\n\n    font-family: \"Helvetica\", sans-serif;\n\n    color: #cbcbcb;\n\n  }\n\n \n\n  #sib-container textarea::placeholder {\n\n    text-align: left;\n\n    font-family: \"Helvetica\", sans-serif;\n\n    color: #cbcbcb;\n\n  }\n\n<\/style>\n\n<link rel=\"stylesheet\" href=\"https:\/\/sibforms.com\/forms\/end-form\/build\/sib-styles.css\">\n\n<!-- END - We recommend to place the above code in head tag of your website html -->\n\n \n\n<!-- START - We recommend to place the below code where you want the form in your website html -->\n\n<div class=\"sib-form\" style=\"text-align: center; background-color: #252525;  \">\n\n  <div id=\"sib-form-container\" class=\"sib-form-container\">\n\n    <div id=\"error-message\" class=\"sib-form-message-panel\" style=\"font-size:16px; text-align:left; font-family:\"Helvetica\", sans-serif; color:#661d1d; background-color:#ffeded; border-radius:3px; border-color:#ff4949;max-width:540px;\">\n\n      <div class=\"sib-form-message-panel__text sib-form-message-panel__text--center\">\n\n        <svg viewbox=\"0 0 512 512\" class=\"sib-icon sib-notification__icon\">\n\n          <path d=\"M256 40c118.621 0 216 96.075 216 216 0 119.291-96.61 216-216 216-119.244 0-216-96.562-216-216 0-119.203 96.602-216 216-216m0-32C119.043 8 8 119.083 8 256c0 136.997 111.043 248 248 248s248-111.003 248-248C504 119.083 392.957 8 256 8zm-11.49 120h22.979c6.823 0 12.274 5.682 11.99 12.5l-7 168c-.268 6.428-5.556 11.5-11.99 11.5h-8.979c-6.433 0-11.722-5.073-11.99-11.5l-7-168c-.283-6.818 5.167-12.5 11.99-12.5zM256 340c-15.464 0-28 12.536-28 28s12.536 28 28 28 28-12.536 28-28-12.536-28-28-28z\"\/>\n\n        <\/svg>\n\n        <span class=\"sib-form-message-panel__inner-text\"> Your registration could not be saved. Please try again.  <\/span>\n\n      <\/div>\n\n    <\/div>\n\n    <div><\/div>\n\n    <div id=\"success-message\" class=\"sib-form-message-panel\" style=\"font-size:16px; text-align:left; font-family:\"Helvetica\", sans-serif; color:#085229; background-color:#e7faf0; border-radius:3px; border-color:#13ce66;max-width:540px;\">\n\n      <div class=\"sib-form-message-panel__text sib-form-message-panel__text--center\">\n\n        <svg viewbox=\"0 0 512 512\" class=\"sib-icon sib-notification__icon\">\n\n          <path d=\"M256 8C119.033 8 8 119.033 8 256s111.033 248 248 248 248-111.033 248-248S392.967 8 256 8zm0 464c-118.664 0-216-96.055-216-216 0-118.663 96.055-216 216-216 118.664 0 216 96.055 216 216 0 118.663-96.055 216-216 216zm141.63-274.961L217.15 376.071c-4.705 4.667-12.303 4.637-16.97-.068l-85.878-86.572c-4.667-4.705-4.637-12.303.068-16.97l8.52-8.451c4.705-4.667 12.303-4.637 16.97.068l68.976 69.533 163.441-162.13c4.705-4.667 12.303-4.637 16.97.068l8.451 8.52c4.668 4.705 4.637 12.303-.068 16.97z\"\/>\n\n        <\/svg>\n\n        <span class=\"sib-form-message-panel__inner-text\">  Your registration was successful.  <\/span>\n\n      <\/div>\n\n    <\/div>\n\n    <div><\/div>\n\n    <div id=\"sib-container\" class=\"sib-container--large sib-container--vertical\" style=\"text-align:center; background-color:transparent; max-width:540px; border-width:1px; border-color:#C0CCD9; border-style:solid;\">\n\n      <form id=\"sib-form\" method=\"POST\" action=\"https:\/\/6e780c76.sibforms.com\/serve\/MUIEAE-E5fvzTUPLhrYdMxRsc-Z9tWmfiGjVNYPp25OgzDcoDiSMAp4YUo7jCQ01LF3pDcq2S3rGYVHywY_nq1qnDp6jReDrsnynJf4sKk7vN8k56pYd2a9wE41k736PPur6TfXJKDKoyLo_d6CpCbghFxpe5UPCA2zqF7ZgYy7_ow3CJHi2dI1L8WJrqhmTiFrJ67qczhzHTwi6\" data-type=\"subscription\">\n\n        <div style=\"padding: 8px 0;\">\n\n          <div class=\"sib-form-block\" style=\"font-size:32px; text-align:left; font-weight:700; font-family:\"Helvetica\", sans-serif; color:#b38a66; background-color:transparent;\">\n\n            <p>Schwanekamp Interior News&nbsp;<\/p>\n\n          <\/div>\n\n        <\/div>\n\n        <div style=\"padding: 8px 0;\">\n\n          <div class=\"sib-form-block\" style=\"font-size:16px; text-align:left; font-family:\"Helvetica\", sans-serif; color:#fdfdfd; background-color:transparent;\">\n\n            <div class=\"sib-text-form-block\">\n\n              <p>Our newsletter provides you with exclusive news, exciting references and unique material options for your interior project.<\/p>\n\n            <\/div>\n\n          <\/div>\n\n        <\/div>\n\n        <div style=\"padding: 8px 0;\">\n\n          <div class=\"sib-input sib-form-block\">\n\n            <div class=\"form__entry entry_block\">\n\n              <div class=\"form__label-row \">\n\n \n\n                <div class=\"entry__field\">\n\n                  <input class=\"input\" type=\"text\" id=\"EMAIL\" name=\"EMAIL\" autocomplete=\"off\" placeholder=\"EMAIL\" data-required=\"true\" required=\"\">\n\n                <\/div>\n\n              <\/div>\n\n \n\n              <label class=\"entry__error entry__error--primary\" style=\"font-size:16px; text-align:left; font-family:\"Helvetica\", sans-serif; color:#661d1d; background-color:#ffeded; border-radius:3px; border-color:#ff4949;\">\n\n              <\/label>\n\n            <\/div>\n\n          <\/div>\n\n        <\/div>\n\n        <div style=\"padding: 8px 0;\">\n\n          <div class=\"sib-optin sib-form-block\">\n\n            <div class=\"form__entry entry_mcq\">\n\n              <div class=\"form__label-row \">\n\n                <div class=\"entry__choice\">\n\n                  <label>\n\n                    <input type=\"checkbox\" class=\"input_replaced\" value=\"1\" id=\"OPT_IN\" name=\"OPT_IN\">\n\n                    <span class=\"checkbox checkbox_tick_positive\"><\/span><span style=\"font-size:14px; text-align:left; font-family:\"Helvetica\", sans-serif; color:#f9f9f9; background-color:transparent;\"><p>I would like to receive your newsletter and accept the privacy policy.&nbsp;<\/p><\/span> <\/label>\n\n                <\/div>\n\n              <\/div>\n\n              <label class=\"entry__error entry__error--primary\" style=\"font-size:16px; text-align:left; font-family:\"Helvetica\", sans-serif; color:#661d1d; background-color:#ffeded; border-radius:3px; border-color:#ff4949;\">\n\n              <\/label>\n\n              <label class=\"entry__specification\" style=\"font-size:12px; text-align:left; font-family:\"Helvetica\", sans-serif; color:#cbcbcb;\">  You can unsubscribe from the newsletter at any time via the link in our newsletter.  <\/label>\n\n            <\/div>\n\n          <\/div>\n\n        <\/div>\n\n        <div style=\"padding: 8px 0;\">\n\n          <div class=\"sib-form-block\" style=\"text-align: left\">\n\n            <button class=\"sib-form-block__button sib-form-block__button-with-loader\" style=\"font-size:16px; text-align:left; font-weight:700; font-family:\"Helvetica\", sans-serif; color:#FFFFFF; background-color:#b38a66; border-radius:3px; border-width:0px;\" form=\"sib-form\" type=\"submit\">\n\n              <svg class=\"icon clickable__icon progress-indicator__icon sib-hide-loader-icon\" viewbox=\"0 0 512 512\">\n\n                <path d=\"M460.116 373.846l-20.823-12.022c-5.541-3.199-7.54-10.159-4.663-15.874 30.137-59.886 28.343-131.652-5.386-189.946-33.641-58.394-94.896-95.833-161.827-99.676C261.028 55.961 256 50.751 256 44.352V20.309c0-6.904 5.808-12.337 12.703-11.982 83.556 4.306 160.163 50.864 202.11 123.677 42.063 72.696 44.079 162.316 6.031 236.832-3.14 6.148-10.75 8.461-16.728 5.01z\"\/>\n\n              <\/svg>  REGISTER  <\/button>\n\n          <\/div>\n\n        <\/div>\n\n \n\n        <input type=\"text\" name=\"email_address_check\" value=\"\" class=\"input--hidden\">\n\n        <input type=\"hidden\" name=\"locale\" value=\"de\">\n\n      <\/form>\n\n    <\/div>\n\n  <\/div>\n\n<\/div>\n\n<!-- END - We recommend to place the below code where you want the form in your website html -->\n\n \n\n<!-- START - We recommend to place the below code in footer or bottom of your website html -->\n\n<script>\n\n  window.REQUIRED_CODE_ERROR_MESSAGE = 'W\u00e4hlen Sie bitte einen L\u00e4ndervorwahl aus.';\n\n  window.LOCALE = 'de';\n\n  window.EMAIL_INVALID_MESSAGE = window.SMS_INVALID_MESSAGE = \"Die eingegebenen Informationen sind nicht g\u00fcltig. Bitte \u00fcberpr\u00fcfen Sie das Feldformat und versuchen Sie es erneut.\";\n\n \n\n  window.REQUIRED_ERROR_MESSAGE = \"Dieses Feld darf nicht leer sein. \";\n\n \n\n  window.GENERIC_INVALID_MESSAGE = \"Die eingegebenen Informationen sind nicht g\u00fcltig. Bitte \u00fcberpr\u00fcfen Sie das Feldformat und versuchen Sie es erneut.\";\n\n \n\n \n\n \n\n \n\n  window.translation = {\n\n    common: {\n\n      selectedList: '{quantity} Liste ausgew\u00e4hlt',\n\n      selectedLists: '{quantity} Listen ausgew\u00e4hlt'\n\n    }\n\n  };\n\n \n\n  var AUTOHIDE = Boolean(0);\n\n<\/script>\n\n<script defer src=\"https:\/\/sibforms.com\/forms\/end-form\/build\/main.js\"><\/script>\n\n \n\n \n\n<!-- END - We recommend to place the above code in footer or bottom of your website html -->\n\n<!-- End Sendinblue Form -->\n\n \t\t\t\t<\/div>\n\t\t\t\t<\/div>\n\t\t\t\t\t<\/div>\n\t\t<\/div>\n\t\t\t\t\t<\/div>\n\t\t<\/section>\n\t\t\t\t<\/div>\n\t\t","protected":false},"excerpt":{"rendered":"<p>Interior Design News from Schwanekamp Your registration could not be saved. Please try again. Your registration was successful. Schwanekamp Interior News&nbsp; Our newsletter provides you with exclusive news, exciting references and unique material options for your interior project. I would like to receive your newsletter and accept the privacy policy.&nbsp; You can unsubscribe from the [&hellip;]<\/p>\n","protected":false},"author":8,"featured_media":2042,"parent":0,"menu_order":0,"comment_status":"closed","ping_status":"closed","template":"","meta":{"footnotes":""},"class_list":["post-3669","page","type-page","status-publish","has-post-thumbnail","hentry"],"yoast_head":"<!-- This site is optimized with the Yoast SEO plugin v27.4 - https:\/\/yoast.com\/product\/yoast-seo-wordpress\/ -->\n<title>Newsletter anmeldung<\/title>\n<meta name=\"description\" content=\"Sign up for our free newsletter without obligation and stay up to date with the latest interior design news!\" \/>\n<meta name=\"robots\" content=\"index, follow, max-snippet:-1, max-image-preview:large, max-video-preview:-1\" \/>\n<link rel=\"canonical\" href=\"https:\/\/schwanekamp-interior.com\/en\/newsletter-registration\/\" \/>\n<meta property=\"og:locale\" content=\"en_US\" \/>\n<meta property=\"og:type\" content=\"article\" \/>\n<meta property=\"og:title\" content=\"Newsletter anmeldung\" \/>\n<meta property=\"og:description\" content=\"Sign up for our free newsletter without obligation and stay up to date with the latest interior design news!\" \/>\n<meta property=\"og:url\" content=\"https:\/\/schwanekamp-interior.com\/en\/newsletter-registration\/\" \/>\n<meta property=\"article:publisher\" content=\"https:\/\/www.facebook.com\/profile.php?id=100079025133908\" \/>\n<meta property=\"article:modified_time\" content=\"2024-10-01T08:43:38+00:00\" \/>\n<meta property=\"og:image\" content=\"https:\/\/schwanekamp-interior.com\/wp-content\/uploads\/2022\/02\/DSC00727-1-scaled.jpg\" \/>\n\t<meta property=\"og:image:width\" content=\"2560\" \/>\n\t<meta property=\"og:image:height\" content=\"1440\" \/>\n\t<meta property=\"og:image:type\" content=\"image\/jpeg\" \/>\n<meta name=\"twitter:card\" content=\"summary_large_image\" \/>\n<meta name=\"twitter:label1\" content=\"Est. reading time\" \/>\n\t<meta name=\"twitter:data1\" content=\"2 minutes\" \/>\n<script type=\"application\/ld+json\" class=\"yoast-schema-graph\">{\"@context\":\"https:\\\/\\\/schema.org\",\"@graph\":[{\"@type\":\"WebPage\",\"@id\":\"https:\\\/\\\/schwanekamp-interior.com\\\/en\\\/newsletter-registration\\\/\",\"url\":\"https:\\\/\\\/schwanekamp-interior.com\\\/en\\\/newsletter-registration\\\/\",\"name\":\"Newsletter anmeldung\",\"isPartOf\":{\"@id\":\"https:\\\/\\\/schwanekamp-interior.com\\\/en\\\/#website\"},\"primaryImageOfPage\":{\"@id\":\"https:\\\/\\\/schwanekamp-interior.com\\\/en\\\/newsletter-registration\\\/#primaryimage\"},\"image\":{\"@id\":\"https:\\\/\\\/schwanekamp-interior.com\\\/en\\\/newsletter-registration\\\/#primaryimage\"},\"thumbnailUrl\":\"https:\\\/\\\/schwanekamp-interior.com\\\/wp-content\\\/uploads\\\/2022\\\/02\\\/DSC00727-1-scaled.jpg\",\"datePublished\":\"2022-09-07T10:30:19+00:00\",\"dateModified\":\"2024-10-01T08:43:38+00:00\",\"description\":\"Sign up for our free newsletter without obligation and stay up to date with the latest interior design news!\",\"breadcrumb\":{\"@id\":\"https:\\\/\\\/schwanekamp-interior.com\\\/en\\\/newsletter-registration\\\/#breadcrumb\"},\"inLanguage\":\"en-US\",\"potentialAction\":[{\"@type\":\"ReadAction\",\"target\":[\"https:\\\/\\\/schwanekamp-interior.com\\\/en\\\/newsletter-registration\\\/\"]}]},{\"@type\":\"ImageObject\",\"inLanguage\":\"en-US\",\"@id\":\"https:\\\/\\\/schwanekamp-interior.com\\\/en\\\/newsletter-registration\\\/#primaryimage\",\"url\":\"https:\\\/\\\/schwanekamp-interior.com\\\/wp-content\\\/uploads\\\/2022\\\/02\\\/DSC00727-1-scaled.jpg\",\"contentUrl\":\"https:\\\/\\\/schwanekamp-interior.com\\\/wp-content\\\/uploads\\\/2022\\\/02\\\/DSC00727-1-scaled.jpg\",\"width\":2560,\"height\":1440,\"caption\":\"Schwanekamp Interior\"},{\"@type\":\"BreadcrumbList\",\"@id\":\"https:\\\/\\\/schwanekamp-interior.com\\\/en\\\/newsletter-registration\\\/#breadcrumb\",\"itemListElement\":[{\"@type\":\"ListItem\",\"position\":1,\"name\":\"Home\",\"item\":\"https:\\\/\\\/schwanekamp-interior.com\\\/en\\\/\"},{\"@type\":\"ListItem\",\"position\":2,\"name\":\"Newsletter\"}]},{\"@type\":\"WebSite\",\"@id\":\"https:\\\/\\\/schwanekamp-interior.com\\\/en\\\/#website\",\"url\":\"https:\\\/\\\/schwanekamp-interior.com\\\/en\\\/\",\"name\":\"Schwanekamp Interior\",\"description\":\"\",\"publisher\":{\"@id\":\"https:\\\/\\\/schwanekamp-interior.com\\\/en\\\/#organization\"},\"potentialAction\":[{\"@type\":\"SearchAction\",\"target\":{\"@type\":\"EntryPoint\",\"urlTemplate\":\"https:\\\/\\\/schwanekamp-interior.com\\\/en\\\/?s={search_term_string}\"},\"query-input\":{\"@type\":\"PropertyValueSpecification\",\"valueRequired\":true,\"valueName\":\"search_term_string\"}}],\"inLanguage\":\"en-US\"},{\"@type\":\"Organization\",\"@id\":\"https:\\\/\\\/schwanekamp-interior.com\\\/en\\\/#organization\",\"name\":\"Holztechnik Schwanekamp GmbH\",\"url\":\"https:\\\/\\\/schwanekamp-interior.com\\\/en\\\/\",\"logo\":{\"@type\":\"ImageObject\",\"inLanguage\":\"en-US\",\"@id\":\"https:\\\/\\\/schwanekamp-interior.com\\\/en\\\/#\\\/schema\\\/logo\\\/image\\\/\",\"url\":\"https:\\\/\\\/schwanekamp-interior.com\\\/wp-content\\\/uploads\\\/2019\\\/02\\\/Logo_Schwanekamp_links_1_Zeilig_Claim_RGB.png\",\"contentUrl\":\"https:\\\/\\\/schwanekamp-interior.com\\\/wp-content\\\/uploads\\\/2019\\\/02\\\/Logo_Schwanekamp_links_1_Zeilig_Claim_RGB.png\",\"width\":2560,\"height\":432,\"caption\":\"Holztechnik Schwanekamp GmbH\"},\"image\":{\"@id\":\"https:\\\/\\\/schwanekamp-interior.com\\\/en\\\/#\\\/schema\\\/logo\\\/image\\\/\"},\"sameAs\":[\"https:\\\/\\\/www.facebook.com\\\/profile.php?id=100079025133908\",\"https:\\\/\\\/www.instagram.com\\\/schwanekamp_interior\\\/\",\"https:\\\/\\\/www.linkedin.com\\\/company\\\/79380729\\\/\"]}]}<\/script>\n<!-- \/ Yoast SEO plugin. -->","yoast_head_json":{"title":"Newsletter anmeldung","description":"Sign up for our free newsletter without obligation and stay up to date with the latest interior design news!","robots":{"index":"index","follow":"follow","max-snippet":"max-snippet:-1","max-image-preview":"max-image-preview:large","max-video-preview":"max-video-preview:-1"},"canonical":"https:\/\/schwanekamp-interior.com\/en\/newsletter-registration\/","og_locale":"en_US","og_type":"article","og_title":"Newsletter anmeldung","og_description":"Sign up for our free newsletter without obligation and stay up to date with the latest interior design news!","og_url":"https:\/\/schwanekamp-interior.com\/en\/newsletter-registration\/","article_publisher":"https:\/\/www.facebook.com\/profile.php?id=100079025133908","article_modified_time":"2024-10-01T08:43:38+00:00","og_image":[{"width":2560,"height":1440,"url":"https:\/\/schwanekamp-interior.com\/wp-content\/uploads\/2022\/02\/DSC00727-1-scaled.jpg","type":"image\/jpeg"}],"twitter_card":"summary_large_image","twitter_misc":{"Est. reading time":"2 minutes"},"schema":{"@context":"https:\/\/schema.org","@graph":[{"@type":"WebPage","@id":"https:\/\/schwanekamp-interior.com\/en\/newsletter-registration\/","url":"https:\/\/schwanekamp-interior.com\/en\/newsletter-registration\/","name":"Newsletter anmeldung","isPartOf":{"@id":"https:\/\/schwanekamp-interior.com\/en\/#website"},"primaryImageOfPage":{"@id":"https:\/\/schwanekamp-interior.com\/en\/newsletter-registration\/#primaryimage"},"image":{"@id":"https:\/\/schwanekamp-interior.com\/en\/newsletter-registration\/#primaryimage"},"thumbnailUrl":"https:\/\/schwanekamp-interior.com\/wp-content\/uploads\/2022\/02\/DSC00727-1-scaled.jpg","datePublished":"2022-09-07T10:30:19+00:00","dateModified":"2024-10-01T08:43:38+00:00","description":"Sign up for our free newsletter without obligation and stay up to date with the latest interior design news!","breadcrumb":{"@id":"https:\/\/schwanekamp-interior.com\/en\/newsletter-registration\/#breadcrumb"},"inLanguage":"en-US","potentialAction":[{"@type":"ReadAction","target":["https:\/\/schwanekamp-interior.com\/en\/newsletter-registration\/"]}]},{"@type":"ImageObject","inLanguage":"en-US","@id":"https:\/\/schwanekamp-interior.com\/en\/newsletter-registration\/#primaryimage","url":"https:\/\/schwanekamp-interior.com\/wp-content\/uploads\/2022\/02\/DSC00727-1-scaled.jpg","contentUrl":"https:\/\/schwanekamp-interior.com\/wp-content\/uploads\/2022\/02\/DSC00727-1-scaled.jpg","width":2560,"height":1440,"caption":"Schwanekamp Interior"},{"@type":"BreadcrumbList","@id":"https:\/\/schwanekamp-interior.com\/en\/newsletter-registration\/#breadcrumb","itemListElement":[{"@type":"ListItem","position":1,"name":"Home","item":"https:\/\/schwanekamp-interior.com\/en\/"},{"@type":"ListItem","position":2,"name":"Newsletter"}]},{"@type":"WebSite","@id":"https:\/\/schwanekamp-interior.com\/en\/#website","url":"https:\/\/schwanekamp-interior.com\/en\/","name":"Schwanekamp Interior","description":"","publisher":{"@id":"https:\/\/schwanekamp-interior.com\/en\/#organization"},"potentialAction":[{"@type":"SearchAction","target":{"@type":"EntryPoint","urlTemplate":"https:\/\/schwanekamp-interior.com\/en\/?s={search_term_string}"},"query-input":{"@type":"PropertyValueSpecification","valueRequired":true,"valueName":"search_term_string"}}],"inLanguage":"en-US"},{"@type":"Organization","@id":"https:\/\/schwanekamp-interior.com\/en\/#organization","name":"Holztechnik Schwanekamp GmbH","url":"https:\/\/schwanekamp-interior.com\/en\/","logo":{"@type":"ImageObject","inLanguage":"en-US","@id":"https:\/\/schwanekamp-interior.com\/en\/#\/schema\/logo\/image\/","url":"https:\/\/schwanekamp-interior.com\/wp-content\/uploads\/2019\/02\/Logo_Schwanekamp_links_1_Zeilig_Claim_RGB.png","contentUrl":"https:\/\/schwanekamp-interior.com\/wp-content\/uploads\/2019\/02\/Logo_Schwanekamp_links_1_Zeilig_Claim_RGB.png","width":2560,"height":432,"caption":"Holztechnik Schwanekamp GmbH"},"image":{"@id":"https:\/\/schwanekamp-interior.com\/en\/#\/schema\/logo\/image\/"},"sameAs":["https:\/\/www.facebook.com\/profile.php?id=100079025133908","https:\/\/www.instagram.com\/schwanekamp_interior\/","https:\/\/www.linkedin.com\/company\/79380729\/"]}]}},"_links":{"self":[{"href":"https:\/\/schwanekamp-interior.com\/en\/wp-json\/wp\/v2\/pages\/3669","targetHints":{"allow":["GET"]}}],"collection":[{"href":"https:\/\/schwanekamp-interior.com\/en\/wp-json\/wp\/v2\/pages"}],"about":[{"href":"https:\/\/schwanekamp-interior.com\/en\/wp-json\/wp\/v2\/types\/page"}],"author":[{"embeddable":true,"href":"https:\/\/schwanekamp-interior.com\/en\/wp-json\/wp\/v2\/users\/8"}],"replies":[{"embeddable":true,"href":"https:\/\/schwanekamp-interior.com\/en\/wp-json\/wp\/v2\/comments?post=3669"}],"version-history":[{"count":12,"href":"https:\/\/schwanekamp-interior.com\/en\/wp-json\/wp\/v2\/pages\/3669\/revisions"}],"predecessor-version":[{"id":4652,"href":"https:\/\/schwanekamp-interior.com\/en\/wp-json\/wp\/v2\/pages\/3669\/revisions\/4652"}],"wp:featuredmedia":[{"embeddable":true,"href":"https:\/\/schwanekamp-interior.com\/en\/wp-json\/wp\/v2\/media\/2042"}],"wp:attachment":[{"href":"https:\/\/schwanekamp-interior.com\/en\/wp-json\/wp\/v2\/media?parent=3669"}],"curies":[{"name":"wp","href":"https:\/\/api.w.org\/{rel}","templated":true}]}}