{"id":2708,"date":"2019-04-25T11:52:07","date_gmt":"2019-04-25T09:52:07","guid":{"rendered":"https:\/\/schwanekamp.newgen.website\/legal-notice\/"},"modified":"2023-12-11T15:23:01","modified_gmt":"2023-12-11T14:23:01","slug":"legal-notice","status":"publish","type":"page","link":"https:\/\/schwanekamp-interior.com\/en\/legal-notice\/","title":{"rendered":"Legal notice"},"content":{"rendered":"\t\t<div data-elementor-type=\"wp-page\" data-elementor-id=\"2708\" class=\"elementor elementor-2708 elementor-291\" data-elementor-post-type=\"page\">\n\t\t\t\t\t\t<section class=\"elementor-section elementor-top-section elementor-element elementor-element-3f09918a elementor-section-height-min-height elementor-section-boxed elementor-section-height-default elementor-section-items-middle\" data-id=\"3f09918a\" data-element_type=\"section\" data-e-type=\"section\" data-settings=\"{&quot;background_background&quot;:&quot;classic&quot;}\">\n\t\t\t\t\t\t<div class=\"elementor-container elementor-column-gap-default\">\n\t\t\t\t\t<div class=\"elementor-column elementor-col-100 elementor-top-column elementor-element elementor-element-7ca127b0\" data-id=\"7ca127b0\" data-element_type=\"column\" data-e-type=\"column\">\n\t\t\t<div class=\"elementor-widget-wrap elementor-element-populated\">\n\t\t\t\t\t\t<div class=\"elementor-element elementor-element-6c625963 elementor-widget elementor-widget-text-editor\" data-id=\"6c625963\" data-element_type=\"widget\" data-e-type=\"widget\" data-widget_type=\"text-editor.default\">\n\t\t\t\t<div class=\"elementor-widget-container\">\n\t\t\t\t\t\t\t\t\t<h1>Legal notice<\/h1>\n<h2>Information pursuant to Sect. 5 German Telemedia Act (TMG)<\/h2>\n<p>Holztechnik Schwanekamp GmbH<br \/>Wesker 40<br \/>48691 Vreden-L\u00fcnten<\/p>\n<p>Commercial Register: HRB 3613<br \/>Registration court: Amtsgericht Coesfeld<\/p>\n<p><strong>Represented by:<\/strong><br \/>Josef Lepping, Dorothe Lepping, Delia Bensing, Stefan Deelmann<\/p>\n<h2>Contact<\/h2>\n<p>Phone: +49 2564 9373 \u2013 800<br \/>Telefax: +49 2564 9373 \u2013 200<br \/>E-mail: service@schwanekamp.net<\/p>\n<h2>VAT ID<\/h2>\n<p>Sales tax identification number according to Sect. 27 a of the Sales Tax Law:<br \/>DE 811869640<\/p>\n<h2>EU dispute resolution<\/h2>\n<p>The European Commission provides a platform for online dispute resolution (ODR): <a href=\"https:\/\/ec.europa.eu\/consumers\/odr\/\" target=\"_blank\" rel=\"noopener noreferrer\">https:\/\/ec.europa.eu\/consumers\/odr\/.<\/a><br \/>Our e-mail address can be found above in the site notice.<\/p>\n<h2>Dispute resolution proceedings in front of a consumer arbitration board<\/h2>\n<p>We participate in a dispute settlement procedure before a consumer arbitration board. The competent consumer arbitration board is Zentrum f\u00fcr Schlichtung e.V., Stra\u00dfburger Stra\u00dfe 8, 77694 Kehl am Rhein (<a href=\"https:\/\/www.verbraucher-schlichter.de\" target=\"_blank\" rel=\"noopener noreferrer\">https:\/\/www.verbraucher-schlichter.de<\/a>). <\/p>\n<h2><strong>Layout, photo\/video production &amp; editing<\/strong><\/h2>\n<p>newgen AG<br \/>Winterswykerstra\u00dfe 120<br \/>48691 Vreden<\/p>\n<p>Phone: +49(0) 2564 \/ 98968 \u2013 0<br \/>E-Mail: kontakt@newgen.ag<br \/><a href=\"https:\/\/www.newgen.ag\/\">www.newgen.ag<\/a><\/p>\n\t\t\t\t\t\t\t\t<\/div>\n\t\t\t\t<\/div>\n\t\t\t\t\t<\/div>\n\t\t<\/div>\n\t\t\t\t\t<\/div>\n\t\t<\/section>\n\t\t\t\t<\/div>\n\t\t","protected":false},"excerpt":{"rendered":"<p>Legal notice Information pursuant to Sect. 5 German Telemedia Act (TMG) Holztechnik Schwanekamp GmbHWesker 4048691 Vreden-L\u00fcnten Commercial Register: HRB 3613Registration court: Amtsgericht Coesfeld Represented by:Josef Lepping, Dorothe Lepping, Delia Bensing, Stefan Deelmann Contact Phone: +49 2564 9373 \u2013 800Telefax: +49 2564 9373 \u2013 200E-mail: service@schwanekamp.net VAT ID Sales tax identification number according to Sect. 27 [&hellip;]<\/p>\n","protected":false},"author":8,"featured_media":2252,"parent":0,"menu_order":0,"comment_status":"closed","ping_status":"closed","template":"","meta":{"footnotes":""},"class_list":["post-2708","page","type-page","status-publish","has-post-thumbnail","hentry"],"yoast_head":"<!-- This site is optimized with the Yoast SEO plugin v27.4 - https:\/\/yoast.com\/product\/yoast-seo-wordpress\/ -->\n<title>Site Notice - Schwanekamp Interior<\/title>\n<meta name=\"description\" content=\"Here you will find all important information about the company Schwanekamp Interior summarised in the imprint.\" \/>\n<meta name=\"robots\" content=\"noindex, follow\" \/>\n<meta property=\"og:locale\" content=\"en_US\" \/>\n<meta property=\"og:type\" content=\"article\" \/>\n<meta property=\"og:title\" content=\"Site Notice - Schwanekamp Interior\" \/>\n<meta property=\"og:description\" content=\"Here you will find all important information about the company Schwanekamp Interior summarised in the imprint.\" \/>\n<meta property=\"og:url\" content=\"https:\/\/schwanekamp-interior.com\/en\/legal-notice\/\" \/>\n<meta property=\"article:publisher\" content=\"https:\/\/www.facebook.com\/profile.php?id=100079025133908\" \/>\n<meta property=\"article:modified_time\" content=\"2023-12-11T14:23:01+00:00\" \/>\n<meta property=\"og:image\" content=\"https:\/\/schwanekamp-interior.com\/wp-content\/uploads\/2022\/03\/DSC07159.jpg\" \/>\n\t<meta property=\"og:image:width\" content=\"2200\" \/>\n\t<meta property=\"og:image:height\" content=\"1238\" \/>\n\t<meta property=\"og:image:type\" content=\"image\/jpeg\" \/>\n<meta name=\"twitter:card\" content=\"summary_large_image\" \/>\n<meta name=\"twitter:label1\" content=\"Est. reading time\" \/>\n\t<meta name=\"twitter:data1\" content=\"1 minute\" \/>\n<script type=\"application\/ld+json\" class=\"yoast-schema-graph\">{\"@context\":\"https:\\\/\\\/schema.org\",\"@graph\":[{\"@type\":\"WebPage\",\"@id\":\"https:\\\/\\\/schwanekamp-interior.com\\\/en\\\/legal-notice\\\/\",\"url\":\"https:\\\/\\\/schwanekamp-interior.com\\\/en\\\/legal-notice\\\/\",\"name\":\"Site Notice - Schwanekamp Interior\",\"isPartOf\":{\"@id\":\"https:\\\/\\\/schwanekamp-interior.com\\\/en\\\/#website\"},\"primaryImageOfPage\":{\"@id\":\"https:\\\/\\\/schwanekamp-interior.com\\\/en\\\/legal-notice\\\/#primaryimage\"},\"image\":{\"@id\":\"https:\\\/\\\/schwanekamp-interior.com\\\/en\\\/legal-notice\\\/#primaryimage\"},\"thumbnailUrl\":\"https:\\\/\\\/schwanekamp-interior.com\\\/wp-content\\\/uploads\\\/2022\\\/03\\\/DSC07159.jpg\",\"datePublished\":\"2019-04-25T09:52:07+00:00\",\"dateModified\":\"2023-12-11T14:23:01+00:00\",\"description\":\"Here you will find all important information about the company Schwanekamp Interior summarised in the imprint.\",\"breadcrumb\":{\"@id\":\"https:\\\/\\\/schwanekamp-interior.com\\\/en\\\/legal-notice\\\/#breadcrumb\"},\"inLanguage\":\"en-US\",\"potentialAction\":[{\"@type\":\"ReadAction\",\"target\":[\"https:\\\/\\\/schwanekamp-interior.com\\\/en\\\/legal-notice\\\/\"]}]},{\"@type\":\"ImageObject\",\"inLanguage\":\"en-US\",\"@id\":\"https:\\\/\\\/schwanekamp-interior.com\\\/en\\\/legal-notice\\\/#primaryimage\",\"url\":\"https:\\\/\\\/schwanekamp-interior.com\\\/wp-content\\\/uploads\\\/2022\\\/03\\\/DSC07159.jpg\",\"contentUrl\":\"https:\\\/\\\/schwanekamp-interior.com\\\/wp-content\\\/uploads\\\/2022\\\/03\\\/DSC07159.jpg\",\"width\":2200,\"height\":1238,\"caption\":\"Schwanekamp Interior\"},{\"@type\":\"BreadcrumbList\",\"@id\":\"https:\\\/\\\/schwanekamp-interior.com\\\/en\\\/legal-notice\\\/#breadcrumb\",\"itemListElement\":[{\"@type\":\"ListItem\",\"position\":1,\"name\":\"Home\",\"item\":\"https:\\\/\\\/schwanekamp-interior.com\\\/en\\\/\"},{\"@type\":\"ListItem\",\"position\":2,\"name\":\"Legal notice\"}]},{\"@type\":\"WebSite\",\"@id\":\"https:\\\/\\\/schwanekamp-interior.com\\\/en\\\/#website\",\"url\":\"https:\\\/\\\/schwanekamp-interior.com\\\/en\\\/\",\"name\":\"Schwanekamp Interior\",\"description\":\"\",\"publisher\":{\"@id\":\"https:\\\/\\\/schwanekamp-interior.com\\\/en\\\/#organization\"},\"potentialAction\":[{\"@type\":\"SearchAction\",\"target\":{\"@type\":\"EntryPoint\",\"urlTemplate\":\"https:\\\/\\\/schwanekamp-interior.com\\\/en\\\/?s={search_term_string}\"},\"query-input\":{\"@type\":\"PropertyValueSpecification\",\"valueRequired\":true,\"valueName\":\"search_term_string\"}}],\"inLanguage\":\"en-US\"},{\"@type\":\"Organization\",\"@id\":\"https:\\\/\\\/schwanekamp-interior.com\\\/en\\\/#organization\",\"name\":\"Holztechnik Schwanekamp GmbH\",\"url\":\"https:\\\/\\\/schwanekamp-interior.com\\\/en\\\/\",\"logo\":{\"@type\":\"ImageObject\",\"inLanguage\":\"en-US\",\"@id\":\"https:\\\/\\\/schwanekamp-interior.com\\\/en\\\/#\\\/schema\\\/logo\\\/image\\\/\",\"url\":\"https:\\\/\\\/schwanekamp-interior.com\\\/wp-content\\\/uploads\\\/2019\\\/02\\\/Logo_Schwanekamp_links_1_Zeilig_Claim_RGB.png\",\"contentUrl\":\"https:\\\/\\\/schwanekamp-interior.com\\\/wp-content\\\/uploads\\\/2019\\\/02\\\/Logo_Schwanekamp_links_1_Zeilig_Claim_RGB.png\",\"width\":2560,\"height\":432,\"caption\":\"Holztechnik Schwanekamp GmbH\"},\"image\":{\"@id\":\"https:\\\/\\\/schwanekamp-interior.com\\\/en\\\/#\\\/schema\\\/logo\\\/image\\\/\"},\"sameAs\":[\"https:\\\/\\\/www.facebook.com\\\/profile.php?id=100079025133908\",\"https:\\\/\\\/www.instagram.com\\\/schwanekamp_interior\\\/\",\"https:\\\/\\\/www.linkedin.com\\\/company\\\/79380729\\\/\"]}]}<\/script>\n<!-- \/ Yoast SEO plugin. -->","yoast_head_json":{"title":"Site Notice - Schwanekamp Interior","description":"Here you will find all important information about the company Schwanekamp Interior summarised in the imprint.","robots":{"index":"noindex","follow":"follow"},"og_locale":"en_US","og_type":"article","og_title":"Site Notice - Schwanekamp Interior","og_description":"Here you will find all important information about the company Schwanekamp Interior summarised in the imprint.","og_url":"https:\/\/schwanekamp-interior.com\/en\/legal-notice\/","article_publisher":"https:\/\/www.facebook.com\/profile.php?id=100079025133908","article_modified_time":"2023-12-11T14:23:01+00:00","og_image":[{"width":2200,"height":1238,"url":"https:\/\/schwanekamp-interior.com\/wp-content\/uploads\/2022\/03\/DSC07159.jpg","type":"image\/jpeg"}],"twitter_card":"summary_large_image","twitter_misc":{"Est. reading time":"1 minute"},"schema":{"@context":"https:\/\/schema.org","@graph":[{"@type":"WebPage","@id":"https:\/\/schwanekamp-interior.com\/en\/legal-notice\/","url":"https:\/\/schwanekamp-interior.com\/en\/legal-notice\/","name":"Site Notice - Schwanekamp Interior","isPartOf":{"@id":"https:\/\/schwanekamp-interior.com\/en\/#website"},"primaryImageOfPage":{"@id":"https:\/\/schwanekamp-interior.com\/en\/legal-notice\/#primaryimage"},"image":{"@id":"https:\/\/schwanekamp-interior.com\/en\/legal-notice\/#primaryimage"},"thumbnailUrl":"https:\/\/schwanekamp-interior.com\/wp-content\/uploads\/2022\/03\/DSC07159.jpg","datePublished":"2019-04-25T09:52:07+00:00","dateModified":"2023-12-11T14:23:01+00:00","description":"Here you will find all important information about the company Schwanekamp Interior summarised in the imprint.","breadcrumb":{"@id":"https:\/\/schwanekamp-interior.com\/en\/legal-notice\/#breadcrumb"},"inLanguage":"en-US","potentialAction":[{"@type":"ReadAction","target":["https:\/\/schwanekamp-interior.com\/en\/legal-notice\/"]}]},{"@type":"ImageObject","inLanguage":"en-US","@id":"https:\/\/schwanekamp-interior.com\/en\/legal-notice\/#primaryimage","url":"https:\/\/schwanekamp-interior.com\/wp-content\/uploads\/2022\/03\/DSC07159.jpg","contentUrl":"https:\/\/schwanekamp-interior.com\/wp-content\/uploads\/2022\/03\/DSC07159.jpg","width":2200,"height":1238,"caption":"Schwanekamp Interior"},{"@type":"BreadcrumbList","@id":"https:\/\/schwanekamp-interior.com\/en\/legal-notice\/#breadcrumb","itemListElement":[{"@type":"ListItem","position":1,"name":"Home","item":"https:\/\/schwanekamp-interior.com\/en\/"},{"@type":"ListItem","position":2,"name":"Legal notice"}]},{"@type":"WebSite","@id":"https:\/\/schwanekamp-interior.com\/en\/#website","url":"https:\/\/schwanekamp-interior.com\/en\/","name":"Schwanekamp Interior","description":"","publisher":{"@id":"https:\/\/schwanekamp-interior.com\/en\/#organization"},"potentialAction":[{"@type":"SearchAction","target":{"@type":"EntryPoint","urlTemplate":"https:\/\/schwanekamp-interior.com\/en\/?s={search_term_string}"},"query-input":{"@type":"PropertyValueSpecification","valueRequired":true,"valueName":"search_term_string"}}],"inLanguage":"en-US"},{"@type":"Organization","@id":"https:\/\/schwanekamp-interior.com\/en\/#organization","name":"Holztechnik Schwanekamp GmbH","url":"https:\/\/schwanekamp-interior.com\/en\/","logo":{"@type":"ImageObject","inLanguage":"en-US","@id":"https:\/\/schwanekamp-interior.com\/en\/#\/schema\/logo\/image\/","url":"https:\/\/schwanekamp-interior.com\/wp-content\/uploads\/2019\/02\/Logo_Schwanekamp_links_1_Zeilig_Claim_RGB.png","contentUrl":"https:\/\/schwanekamp-interior.com\/wp-content\/uploads\/2019\/02\/Logo_Schwanekamp_links_1_Zeilig_Claim_RGB.png","width":2560,"height":432,"caption":"Holztechnik Schwanekamp GmbH"},"image":{"@id":"https:\/\/schwanekamp-interior.com\/en\/#\/schema\/logo\/image\/"},"sameAs":["https:\/\/www.facebook.com\/profile.php?id=100079025133908","https:\/\/www.instagram.com\/schwanekamp_interior\/","https:\/\/www.linkedin.com\/company\/79380729\/"]}]}},"_links":{"self":[{"href":"https:\/\/schwanekamp-interior.com\/en\/wp-json\/wp\/v2\/pages\/2708","targetHints":{"allow":["GET"]}}],"collection":[{"href":"https:\/\/schwanekamp-interior.com\/en\/wp-json\/wp\/v2\/pages"}],"about":[{"href":"https:\/\/schwanekamp-interior.com\/en\/wp-json\/wp\/v2\/types\/page"}],"author":[{"embeddable":true,"href":"https:\/\/schwanekamp-interior.com\/en\/wp-json\/wp\/v2\/users\/8"}],"replies":[{"embeddable":true,"href":"https:\/\/schwanekamp-interior.com\/en\/wp-json\/wp\/v2\/comments?post=2708"}],"version-history":[{"count":2,"href":"https:\/\/schwanekamp-interior.com\/en\/wp-json\/wp\/v2\/pages\/2708\/revisions"}],"predecessor-version":[{"id":4536,"href":"https:\/\/schwanekamp-interior.com\/en\/wp-json\/wp\/v2\/pages\/2708\/revisions\/4536"}],"wp:featuredmedia":[{"embeddable":true,"href":"https:\/\/schwanekamp-interior.com\/en\/wp-json\/wp\/v2\/media\/2252"}],"wp:attachment":[{"href":"https:\/\/schwanekamp-interior.com\/en\/wp-json\/wp\/v2\/media?parent=2708"}],"curies":[{"name":"wp","href":"https:\/\/api.w.org\/{rel}","templated":true}]}}